{"id":68,"date":"2020-01-09T08:07:22","date_gmt":"2020-01-09T08:07:22","guid":{"rendered":"http:\/\/rhein-raum.de\/?page_id=68"},"modified":"2020-09-16T06:39:06","modified_gmt":"2020-09-16T06:39:06","slug":"ueber-uns","status":"publish","type":"page","link":"https:\/\/rhein-raum.de\/","title":{"rendered":"Warum wir"},"content":{"rendered":"\n<p style=\"font-size:17px\">Qualit\u00e4t, Kompetenz und Zuverl\u00e4ssigkeit<\/p>\n\n\n\n<p>mehr als nur Worte . . . sondern Firmenphilosophie &nbsp;<\/p>\n\n\n\n<p><strong><br><\/strong>Als dienstleistungsorientiertes Reinigungsunternehmen haben wir seit 2007 den h\u00f6chsten Anspruch an  uns selbst, was Zuverl\u00e4ssigkeit, Sauberkeit und Qualit\u00e4t unserer Arbeit  angeht.<\/p>\n\n\n\n<p>Die Disziplin, der kritische Blick und die motivation unserer Mitarbeiter ist  dabei unser gr\u00f6\u00dfter Stolz. <\/p>\n\n\n\n<p>Wir binden unsere Kunden nicht mit langfristigen Vertr\u00e4gen, wir m\u00f6chten Sie  durch eine qualitativ hochwertige Leistung, zuverl\u00e4ssigkeit und einen attraktiven Preis  an uns binden. <\/p>\n\n\n\n<p><strong><em>Probleme erkennen \u2013 Ideen entwickeln \u2013 W\u00fcnsche umsetzen<\/em><\/strong><br>Aber nicht nur in der Geb\u00e4udepflege sind wir Experten.<\/p>\n\n\n\n<p>Wir bieten Ihnen  auch weitere spezielle Dienstleistungen rund um Ihr Objekt an (siehe  Men\u00fc : \u201e<strong>Spezieller Service<\/strong>\u201c). Bei unserer Arbeit gehen wir diskret und gewissenhaft vor. F\u00fcr uns ist jeder Auftrag einzigartig und  jeder Kunde etwas Besonderes.<\/p>\n","protected":false},"excerpt":{"rendered":"<p>Qualit\u00e4t, Kompetenz und Zuverl\u00e4ssigkeit mehr als nur Worte . . . sondern Firmenphilosophie &nbsp; Als dienstleistungsorientiertes Reinigungsunternehmen haben wir seit 2007 den h\u00f6chsten Anspruch an uns selbst, was Zuverl\u00e4ssigkeit, Sauberkeit und Qualit\u00e4t unserer Arbeit angeht. Die Disziplin, der kritische Blick und die motivation unserer Mitarbeiter ist dabei unser gr\u00f6\u00dfter Stolz. Wir binden unsere Kunden nicht &hellip; <\/p>\n<p class=\"link-more\"><a href=\"https:\/\/rhein-raum.de\/\" class=\"more-link\"><span class=\"screen-reader-text\">\u201eWarum wir\u201c <\/span>weiterlesen<\/a><\/p>\n","protected":false},"author":1,"featured_media":0,"parent":0,"menu_order":0,"comment_status":"closed","ping_status":"closed","template":"","meta":{"footnotes":""},"class_list":["post-68","page","type-page","status-publish","hentry"],"aioseo_notices":[],"amp_validity":null,"amp_enabled":true,"_links":{"self":[{"href":"https:\/\/rhein-raum.de\/index.php?rest_route=\/wp\/v2\/pages\/68","targetHints":{"allow":["GET"]}}],"collection":[{"href":"https:\/\/rhein-raum.de\/index.php?rest_route=\/wp\/v2\/pages"}],"about":[{"href":"https:\/\/rhein-raum.de\/index.php?rest_route=\/wp\/v2\/types\/page"}],"author":[{"embeddable":true,"href":"https:\/\/rhein-raum.de\/index.php?rest_route=\/wp\/v2\/users\/1"}],"replies":[{"embeddable":true,"href":"https:\/\/rhein-raum.de\/index.php?rest_route=%2Fwp%2Fv2%2Fcomments&post=68"}],"version-history":[{"count":11,"href":"https:\/\/rhein-raum.de\/index.php?rest_route=\/wp\/v2\/pages\/68\/revisions"}],"predecessor-version":[{"id":291,"href":"https:\/\/rhein-raum.de\/index.php?rest_route=\/wp\/v2\/pages\/68\/revisions\/291"}],"wp:attachment":[{"href":"https:\/\/rhein-raum.de\/index.php?rest_route=%2Fwp%2Fv2%2Fmedia&parent=68"}],"curies":[{"name":"wp","href":"https:\/\/api.w.org\/{rel}","templated":true}]}}