{"id":41,"date":"2020-01-09T08:25:42","date_gmt":"2020-01-09T08:25:42","guid":{"rendered":"http:\/\/rhein-raum.de\/?page_id=41"},"modified":"2020-09-16T06:38:16","modified_gmt":"2020-09-16T06:38:16","slug":"taubenkotentfernung-nach-bgi-892","status":"publish","type":"page","link":"https:\/\/rhein-raum.de\/?page_id=41","title":{"rendered":"Taubenkotentfernung nach BGI 892"},"content":{"rendered":"\n<p>Wir reinigen Geb\u00e4ude\/Anlagen fachm\u00e4nnisch nach BGI 892 von Tauben- und Vogelkot unter strenger Verwendung von <strong>Schutzkleidung\/Atemschutz<\/strong> und im Bedarfsfall mit Schwarz-Wei\u00df-Trennung<\/p>\n\n\n\n<p>Tauben scheiden mit dem Kot viele Mikroorganismen aus. Darunter \nk\u00f6nnen sich auch krankheitserregende Organismen (Bakterien, Hefen und \nPilze) der Risikogruppe 2 befinden. Als Vertreter der\nRisikogruppe 3 ist im Taubenkot oft das Bakterium Chlamydophila psittaci\n (Erreger der Papageienkrankheit) anzutreffen.&nbsp;Diese k\u00f6nnen vom Menschen in Aerosolform \u00fcber die Atemwege oder direkt \u00fcber die Haut\/Schleimh\u00e4ute aufgenommen werden.<\/p>\n\n\n\n<p>Die Reinigung erfolgt mechanisch, das bedeutet, dass sonstige Besch\u00e4digungen durch lang aufliegenden Taubenkot <strong>(\u00c4tzung)<\/strong> nicht behoben werden k\u00f6nnen. Die verunreinigten Stellen\nwerden mit Industriesaugern der Kategorie H (Asbestkategorie) abgesaugt.<\/p>\n\n\n\n<p>Nach der Reinigung sollte sich eine Desinfektion inkl.  Sch\u00e4dlingsbek\u00e4mpfung anschlie\u00dfen (insbesondere gegen Taubenzecken, Vogelfl\u00f6hen  und Vogelmilben). <\/p>\n\n\n\n<p>Wir entsorgen Taubenkot fachgerecht.<\/p>\n\n\n\n<figure class=\"wp-block-gallery columns-3 is-cropped wp-block-gallery-1 is-layout-flex wp-block-gallery-is-layout-flex\"><ul class=\"blocks-gallery-grid\"><li class=\"blocks-gallery-item\"><figure><img loading=\"lazy\" decoding=\"async\" width=\"1024\" height=\"768\" src=\"http:\/\/rhein-raum.de\/wp-content\/uploads\/2020\/01\/IMG_0066-1024x768.jpg\" alt=\"\" data-id=\"42\" data-link=\"http:\/\/rhein-raum.de\/?attachment_id=42\" class=\"wp-image-42\" srcset=\"https:\/\/rhein-raum.de\/wp-content\/uploads\/2020\/01\/IMG_0066-1024x768.jpg 1024w, https:\/\/rhein-raum.de\/wp-content\/uploads\/2020\/01\/IMG_0066-300x225.jpg 300w, https:\/\/rhein-raum.de\/wp-content\/uploads\/2020\/01\/IMG_0066-768x576.jpg 768w, https:\/\/rhein-raum.de\/wp-content\/uploads\/2020\/01\/IMG_0066-1536x1152.jpg 1536w, https:\/\/rhein-raum.de\/wp-content\/uploads\/2020\/01\/IMG_0066-2048x1536.jpg 2048w\" sizes=\"auto, (max-width: 706px) 89vw, (max-width: 767px) 82vw, 740px\" \/><\/figure><\/li><li class=\"blocks-gallery-item\"><figure><img loading=\"lazy\" decoding=\"async\" width=\"576\" height=\"1024\" src=\"http:\/\/rhein-raum.de\/wp-content\/uploads\/2020\/01\/IMG_0380-576x1024.png\" alt=\"\" data-id=\"43\" data-link=\"http:\/\/rhein-raum.de\/?attachment_id=43\" class=\"wp-image-43\" srcset=\"https:\/\/rhein-raum.de\/wp-content\/uploads\/2020\/01\/IMG_0380-576x1024.png 576w, https:\/\/rhein-raum.de\/wp-content\/uploads\/2020\/01\/IMG_0380-169x300.png 169w, https:\/\/rhein-raum.de\/wp-content\/uploads\/2020\/01\/IMG_0380.png 750w\" sizes=\"auto, (max-width: 576px) 100vw, 576px\" \/><\/figure><\/li><li class=\"blocks-gallery-item\"><figure><img loading=\"lazy\" decoding=\"async\" width=\"1024\" height=\"768\" src=\"http:\/\/rhein-raum.de\/wp-content\/uploads\/2020\/01\/IMG_2700-1024x768.jpg\" alt=\"\" data-id=\"44\" data-link=\"http:\/\/rhein-raum.de\/?attachment_id=44\" class=\"wp-image-44\" srcset=\"https:\/\/rhein-raum.de\/wp-content\/uploads\/2020\/01\/IMG_2700-1024x768.jpg 1024w, https:\/\/rhein-raum.de\/wp-content\/uploads\/2020\/01\/IMG_2700-300x225.jpg 300w, https:\/\/rhein-raum.de\/wp-content\/uploads\/2020\/01\/IMG_2700-768x576.jpg 768w, https:\/\/rhein-raum.de\/wp-content\/uploads\/2020\/01\/IMG_2700-1536x1152.jpg 1536w, https:\/\/rhein-raum.de\/wp-content\/uploads\/2020\/01\/IMG_2700-2048x1536.jpg 2048w\" sizes=\"auto, (max-width: 706px) 89vw, (max-width: 767px) 82vw, 740px\" \/><\/figure><\/li><li class=\"blocks-gallery-item\"><figure><img loading=\"lazy\" decoding=\"async\" width=\"1024\" height=\"768\" src=\"http:\/\/rhein-raum.de\/wp-content\/uploads\/2020\/01\/IMG_2700-1-1024x768.jpg\" alt=\"\" data-id=\"45\" data-link=\"http:\/\/rhein-raum.de\/?attachment_id=45\" class=\"wp-image-45\" srcset=\"https:\/\/rhein-raum.de\/wp-content\/uploads\/2020\/01\/IMG_2700-1-1024x768.jpg 1024w, https:\/\/rhein-raum.de\/wp-content\/uploads\/2020\/01\/IMG_2700-1-300x225.jpg 300w, https:\/\/rhein-raum.de\/wp-content\/uploads\/2020\/01\/IMG_2700-1-768x576.jpg 768w, https:\/\/rhein-raum.de\/wp-content\/uploads\/2020\/01\/IMG_2700-1-1536x1152.jpg 1536w, https:\/\/rhein-raum.de\/wp-content\/uploads\/2020\/01\/IMG_2700-1-2048x1536.jpg 2048w\" sizes=\"auto, (max-width: 706px) 89vw, (max-width: 767px) 82vw, 740px\" \/><\/figure><\/li><li class=\"blocks-gallery-item\"><figure><img loading=\"lazy\" decoding=\"async\" width=\"1024\" height=\"768\" src=\"http:\/\/rhein-raum.de\/wp-content\/uploads\/2020\/01\/IMG_6501-1024x768.jpg\" alt=\"\" data-id=\"46\" data-link=\"http:\/\/rhein-raum.de\/?attachment_id=46\" class=\"wp-image-46\" srcset=\"https:\/\/rhein-raum.de\/wp-content\/uploads\/2020\/01\/IMG_6501-1024x768.jpg 1024w, https:\/\/rhein-raum.de\/wp-content\/uploads\/2020\/01\/IMG_6501-300x225.jpg 300w, https:\/\/rhein-raum.de\/wp-content\/uploads\/2020\/01\/IMG_6501-768x576.jpg 768w, https:\/\/rhein-raum.de\/wp-content\/uploads\/2020\/01\/IMG_6501-1536x1152.jpg 1536w, https:\/\/rhein-raum.de\/wp-content\/uploads\/2020\/01\/IMG_6501-2048x1536.jpg 2048w\" sizes=\"auto, (max-width: 706px) 89vw, (max-width: 767px) 82vw, 740px\" \/><\/figure><\/li><li class=\"blocks-gallery-item\"><figure><img loading=\"lazy\" decoding=\"async\" width=\"768\" height=\"1024\" src=\"http:\/\/rhein-raum.de\/wp-content\/uploads\/2020\/01\/IMG_6505-768x1024.jpg\" alt=\"\" data-id=\"49\" data-full-url=\"http:\/\/rhein-raum.de\/wp-content\/uploads\/2020\/01\/IMG_6505-scaled.jpg\" data-link=\"http:\/\/rhein-raum.de\/?attachment_id=49\" class=\"wp-image-49\" srcset=\"https:\/\/rhein-raum.de\/wp-content\/uploads\/2020\/01\/IMG_6505-768x1024.jpg 768w, https:\/\/rhein-raum.de\/wp-content\/uploads\/2020\/01\/IMG_6505-225x300.jpg 225w, https:\/\/rhein-raum.de\/wp-content\/uploads\/2020\/01\/IMG_6505-1152x1536.jpg 1152w, https:\/\/rhein-raum.de\/wp-content\/uploads\/2020\/01\/IMG_6505-1536x2048.jpg 1536w, https:\/\/rhein-raum.de\/wp-content\/uploads\/2020\/01\/IMG_6505-scaled.jpg 1920w\" sizes=\"auto, (max-width: 706px) 89vw, (max-width: 767px) 82vw, 740px\" \/><\/figure><\/li><li class=\"blocks-gallery-item\"><figure><img loading=\"lazy\" decoding=\"async\" width=\"1024\" height=\"768\" src=\"http:\/\/rhein-raum.de\/wp-content\/uploads\/2020\/01\/IMG_6850-1024x768.jpg\" alt=\"\" data-id=\"48\" data-link=\"http:\/\/rhein-raum.de\/?attachment_id=48\" class=\"wp-image-48\" srcset=\"https:\/\/rhein-raum.de\/wp-content\/uploads\/2020\/01\/IMG_6850-1024x768.jpg 1024w, https:\/\/rhein-raum.de\/wp-content\/uploads\/2020\/01\/IMG_6850-300x225.jpg 300w, https:\/\/rhein-raum.de\/wp-content\/uploads\/2020\/01\/IMG_6850-768x576.jpg 768w, https:\/\/rhein-raum.de\/wp-content\/uploads\/2020\/01\/IMG_6850-1536x1152.jpg 1536w, https:\/\/rhein-raum.de\/wp-content\/uploads\/2020\/01\/IMG_6850-2048x1536.jpg 2048w\" sizes=\"auto, (max-width: 706px) 89vw, (max-width: 767px) 82vw, 740px\" \/><\/figure><\/li><\/ul><\/figure>\n","protected":false},"excerpt":{"rendered":"<p>Wir reinigen Geb\u00e4ude\/Anlagen fachm\u00e4nnisch nach BGI 892 von Tauben- und Vogelkot unter strenger Verwendung von Schutzkleidung\/Atemschutz und im Bedarfsfall mit Schwarz-Wei\u00df-Trennung Tauben scheiden mit dem Kot viele Mikroorganismen aus. Darunter k\u00f6nnen sich auch krankheitserregende Organismen (Bakterien, Hefen und Pilze) der Risikogruppe 2 befinden. Als Vertreter der Risikogruppe 3 ist im Taubenkot oft das Bakterium Chlamydophila &hellip; <\/p>\n<p class=\"link-more\"><a href=\"https:\/\/rhein-raum.de\/?page_id=41\" class=\"more-link\"><span class=\"screen-reader-text\">\u201eTaubenkotentfernung nach BGI 892\u201c <\/span>weiterlesen<\/a><\/p>\n","protected":false},"author":1,"featured_media":0,"parent":0,"menu_order":0,"comment_status":"closed","ping_status":"closed","template":"","meta":{"footnotes":""},"class_list":["post-41","page","type-page","status-publish","hentry"],"aioseo_notices":[],"amp_validity":null,"amp_enabled":true,"_links":{"self":[{"href":"https:\/\/rhein-raum.de\/index.php?rest_route=\/wp\/v2\/pages\/41","targetHints":{"allow":["GET"]}}],"collection":[{"href":"https:\/\/rhein-raum.de\/index.php?rest_route=\/wp\/v2\/pages"}],"about":[{"href":"https:\/\/rhein-raum.de\/index.php?rest_route=\/wp\/v2\/types\/page"}],"author":[{"embeddable":true,"href":"https:\/\/rhein-raum.de\/index.php?rest_route=\/wp\/v2\/users\/1"}],"replies":[{"embeddable":true,"href":"https:\/\/rhein-raum.de\/index.php?rest_route=%2Fwp%2Fv2%2Fcomments&post=41"}],"version-history":[{"count":4,"href":"https:\/\/rhein-raum.de\/index.php?rest_route=\/wp\/v2\/pages\/41\/revisions"}],"predecessor-version":[{"id":284,"href":"https:\/\/rhein-raum.de\/index.php?rest_route=\/wp\/v2\/pages\/41\/revisions\/284"}],"wp:attachment":[{"href":"https:\/\/rhein-raum.de\/index.php?rest_route=%2Fwp%2Fv2%2Fmedia&parent=41"}],"curies":[{"name":"wp","href":"https:\/\/api.w.org\/{rel}","templated":true}]}}