{"id":30,"date":"2020-01-09T08:22:04","date_gmt":"2020-01-09T08:22:04","guid":{"rendered":"http:\/\/rhein-raum.de\/?page_id=30"},"modified":"2020-09-16T06:36:10","modified_gmt":"2020-09-16T06:36:10","slug":"entruempelung-von-messiwohnungen-leichenfundorten-spezielle-badreinigungen","status":"publish","type":"page","link":"https:\/\/rhein-raum.de\/?page_id=30","title":{"rendered":"spezieller Service"},"content":{"rendered":"\n<p><strong>Wir helfen auch bei Sonderf\u00e4llen, wie Messie-Haushalten, nach Mietnomaden oder Tierhortung.<\/strong><\/p>\n\n\n\n<p>Der Begriff \u201eMessie\u201c (aus dem englischen Wort \u201emess\u201c f\u00fcr Unordung\u201c)\nbezeichnet Menschen, die aufgrund einer seelischen \u00dcberlastung erhebliche\nDefizite aufweisen ihr Umfeld ordentlich zu halten. Dar\u00fcber hinaus haben\n\u201eMessies\u201c in der Regel Schwierigkeiten allt\u00e4gliche Aufgaben und Arbeiten zu\nbew\u00e4ltigen. Oftmals ist dieses verbunden mit einem kontinuierlichem Sammeln\noder sogar einer zwanghaften Hortung von Gegenst\u00e4nden unterschiedlichster Art.<\/p>\n\n\n\n<p>Die Ansammlung von gro\u00dfen Mengen Unrat in einer Messiewohnung kann im Extremfall zu Problemen durch Geruchsbel\u00e4stigung, m\u00f6glichen Sch\u00e4dlingsbefall sowie zu einer Gef\u00e4hrdung der Gesundheit durch Hygienem\u00e4ngel f\u00fchren. Sowohl f\u00fcr die Menschen, welche an dem Verm\u00fcllungs-Syndrom leiden, als auch f\u00fcr deren Angeh\u00f6rige stellt diese Problematik eine auf Dauer sehr belastende Lebenssituation dar.<\/p>\n\n\n\n<p><strong>Bei Wohnungsaufl\u00f6sungen gehen wir sehr sensibel, aber dennoch planvoll und sehr effizient vor.<\/strong><\/p>\n\n\n\n<p><strong>Diskretion und R\u00fccksichtnahme<\/strong> sind f\u00fcr uns <strong>selbstverst\u00e4ndlich<\/strong>. Zu einer R\u00e4umung geh\u00f6ren die Gesamtplanung, die fachgerechte Entsorgung\nder Materialien und die Vorbereitung der Wohnung auf die besenreine \u00dcbergabe. <\/p>\n\n\n\n<figure class=\"wp-block-gallery columns-3 is-cropped wp-block-gallery-1 is-layout-flex wp-block-gallery-is-layout-flex\"><ul class=\"blocks-gallery-grid\"><li class=\"blocks-gallery-item\"><figure><img loading=\"lazy\" decoding=\"async\" width=\"1024\" height=\"768\" src=\"http:\/\/rhein-raum.de\/wp-content\/uploads\/2020\/01\/IMG_1045-1-1024x768.jpg\" alt=\"\" data-id=\"52\" data-link=\"http:\/\/rhein-raum.de\/?attachment_id=52\" class=\"wp-image-52\" srcset=\"https:\/\/rhein-raum.de\/wp-content\/uploads\/2020\/01\/IMG_1045-1-1024x768.jpg 1024w, https:\/\/rhein-raum.de\/wp-content\/uploads\/2020\/01\/IMG_1045-1-300x225.jpg 300w, https:\/\/rhein-raum.de\/wp-content\/uploads\/2020\/01\/IMG_1045-1-768x576.jpg 768w, https:\/\/rhein-raum.de\/wp-content\/uploads\/2020\/01\/IMG_1045-1-1536x1152.jpg 1536w, https:\/\/rhein-raum.de\/wp-content\/uploads\/2020\/01\/IMG_1045-1-2048x1536.jpg 2048w\" sizes=\"auto, (max-width: 706px) 89vw, (max-width: 767px) 82vw, 740px\" \/><\/figure><\/li><li class=\"blocks-gallery-item\"><figure><img loading=\"lazy\" decoding=\"async\" width=\"768\" height=\"1024\" src=\"http:\/\/rhein-raum.de\/wp-content\/uploads\/2020\/01\/IMG_1057-768x1024.jpg\" alt=\"\" data-id=\"53\" data-link=\"http:\/\/rhein-raum.de\/?attachment_id=53\" class=\"wp-image-53\" srcset=\"https:\/\/rhein-raum.de\/wp-content\/uploads\/2020\/01\/IMG_1057-768x1024.jpg 768w, https:\/\/rhein-raum.de\/wp-content\/uploads\/2020\/01\/IMG_1057-225x300.jpg 225w, https:\/\/rhein-raum.de\/wp-content\/uploads\/2020\/01\/IMG_1057-1152x1536.jpg 1152w, https:\/\/rhein-raum.de\/wp-content\/uploads\/2020\/01\/IMG_1057-1536x2048.jpg 1536w, https:\/\/rhein-raum.de\/wp-content\/uploads\/2020\/01\/IMG_1057-scaled.jpg 1920w\" sizes=\"auto, (max-width: 706px) 89vw, (max-width: 767px) 82vw, 740px\" \/><\/figure><\/li><li class=\"blocks-gallery-item\"><figure><img loading=\"lazy\" decoding=\"async\" width=\"1024\" height=\"768\" src=\"http:\/\/rhein-raum.de\/wp-content\/uploads\/2020\/01\/IMG_1089-1-1024x768.jpg\" alt=\"\" data-id=\"54\" data-link=\"http:\/\/rhein-raum.de\/?attachment_id=54\" class=\"wp-image-54\" srcset=\"https:\/\/rhein-raum.de\/wp-content\/uploads\/2020\/01\/IMG_1089-1-1024x768.jpg 1024w, https:\/\/rhein-raum.de\/wp-content\/uploads\/2020\/01\/IMG_1089-1-300x225.jpg 300w, https:\/\/rhein-raum.de\/wp-content\/uploads\/2020\/01\/IMG_1089-1-768x576.jpg 768w, https:\/\/rhein-raum.de\/wp-content\/uploads\/2020\/01\/IMG_1089-1-1536x1152.jpg 1536w, https:\/\/rhein-raum.de\/wp-content\/uploads\/2020\/01\/IMG_1089-1-2048x1536.jpg 2048w\" sizes=\"auto, (max-width: 706px) 89vw, (max-width: 767px) 82vw, 740px\" \/><\/figure><\/li><li class=\"blocks-gallery-item\"><figure><img loading=\"lazy\" decoding=\"async\" width=\"768\" height=\"1024\" src=\"http:\/\/rhein-raum.de\/wp-content\/uploads\/2020\/01\/IMG_2265-768x1024.jpg\" alt=\"\" data-id=\"55\" data-link=\"http:\/\/rhein-raum.de\/?attachment_id=55\" class=\"wp-image-55\" srcset=\"https:\/\/rhein-raum.de\/wp-content\/uploads\/2020\/01\/IMG_2265-768x1024.jpg 768w, https:\/\/rhein-raum.de\/wp-content\/uploads\/2020\/01\/IMG_2265-225x300.jpg 225w, https:\/\/rhein-raum.de\/wp-content\/uploads\/2020\/01\/IMG_2265-1152x1536.jpg 1152w, https:\/\/rhein-raum.de\/wp-content\/uploads\/2020\/01\/IMG_2265-1536x2048.jpg 1536w, https:\/\/rhein-raum.de\/wp-content\/uploads\/2020\/01\/IMG_2265-scaled.jpg 1920w\" sizes=\"auto, (max-width: 706px) 89vw, (max-width: 767px) 82vw, 740px\" \/><\/figure><\/li><li class=\"blocks-gallery-item\"><figure><img loading=\"lazy\" decoding=\"async\" width=\"768\" height=\"1024\" src=\"http:\/\/rhein-raum.de\/wp-content\/uploads\/2020\/01\/IMG_2312-768x1024.jpg\" alt=\"\" data-id=\"56\" data-link=\"http:\/\/rhein-raum.de\/?attachment_id=56\" class=\"wp-image-56\" srcset=\"https:\/\/rhein-raum.de\/wp-content\/uploads\/2020\/01\/IMG_2312-768x1024.jpg 768w, https:\/\/rhein-raum.de\/wp-content\/uploads\/2020\/01\/IMG_2312-225x300.jpg 225w, https:\/\/rhein-raum.de\/wp-content\/uploads\/2020\/01\/IMG_2312-1152x1536.jpg 1152w, https:\/\/rhein-raum.de\/wp-content\/uploads\/2020\/01\/IMG_2312-1536x2048.jpg 1536w, https:\/\/rhein-raum.de\/wp-content\/uploads\/2020\/01\/IMG_2312-scaled.jpg 1920w\" sizes=\"auto, (max-width: 706px) 89vw, (max-width: 767px) 82vw, 740px\" \/><\/figure><\/li><li class=\"blocks-gallery-item\"><figure><img loading=\"lazy\" decoding=\"async\" width=\"768\" height=\"1024\" src=\"http:\/\/rhein-raum.de\/wp-content\/uploads\/2020\/01\/IMG_7271-768x1024.jpg\" alt=\"\" data-id=\"57\" data-link=\"http:\/\/rhein-raum.de\/?attachment_id=57\" class=\"wp-image-57\" srcset=\"https:\/\/rhein-raum.de\/wp-content\/uploads\/2020\/01\/IMG_7271-768x1024.jpg 768w, https:\/\/rhein-raum.de\/wp-content\/uploads\/2020\/01\/IMG_7271-225x300.jpg 225w, https:\/\/rhein-raum.de\/wp-content\/uploads\/2020\/01\/IMG_7271-1152x1536.jpg 1152w, https:\/\/rhein-raum.de\/wp-content\/uploads\/2020\/01\/IMG_7271-1536x2048.jpg 1536w, https:\/\/rhein-raum.de\/wp-content\/uploads\/2020\/01\/IMG_7271-scaled.jpg 1920w\" sizes=\"auto, (max-width: 706px) 89vw, (max-width: 767px) 82vw, 740px\" \/><\/figure><\/li><li class=\"blocks-gallery-item\"><figure><img loading=\"lazy\" decoding=\"async\" width=\"768\" height=\"1024\" src=\"http:\/\/rhein-raum.de\/wp-content\/uploads\/2020\/01\/IMG_7276-768x1024.jpg\" alt=\"\" data-id=\"58\" data-link=\"http:\/\/rhein-raum.de\/?attachment_id=58\" class=\"wp-image-58\" srcset=\"https:\/\/rhein-raum.de\/wp-content\/uploads\/2020\/01\/IMG_7276-768x1024.jpg 768w, https:\/\/rhein-raum.de\/wp-content\/uploads\/2020\/01\/IMG_7276-225x300.jpg 225w, https:\/\/rhein-raum.de\/wp-content\/uploads\/2020\/01\/IMG_7276-1152x1536.jpg 1152w, https:\/\/rhein-raum.de\/wp-content\/uploads\/2020\/01\/IMG_7276-1536x2048.jpg 1536w, https:\/\/rhein-raum.de\/wp-content\/uploads\/2020\/01\/IMG_7276-scaled.jpg 1920w\" sizes=\"auto, (max-width: 706px) 89vw, (max-width: 767px) 82vw, 740px\" \/><\/figure><\/li><li class=\"blocks-gallery-item\"><figure><img loading=\"lazy\" decoding=\"async\" width=\"768\" height=\"1024\" src=\"http:\/\/rhein-raum.de\/wp-content\/uploads\/2020\/01\/IMG_7278-768x1024.jpg\" alt=\"\" data-id=\"59\" data-link=\"http:\/\/rhein-raum.de\/?attachment_id=59\" class=\"wp-image-59\" srcset=\"https:\/\/rhein-raum.de\/wp-content\/uploads\/2020\/01\/IMG_7278-768x1024.jpg 768w, https:\/\/rhein-raum.de\/wp-content\/uploads\/2020\/01\/IMG_7278-225x300.jpg 225w, https:\/\/rhein-raum.de\/wp-content\/uploads\/2020\/01\/IMG_7278-1152x1536.jpg 1152w, https:\/\/rhein-raum.de\/wp-content\/uploads\/2020\/01\/IMG_7278-1536x2048.jpg 1536w, https:\/\/rhein-raum.de\/wp-content\/uploads\/2020\/01\/IMG_7278-scaled.jpg 1920w\" sizes=\"auto, (max-width: 706px) 89vw, (max-width: 767px) 82vw, 740px\" \/><\/figure><\/li><li class=\"blocks-gallery-item\"><figure><img loading=\"lazy\" decoding=\"async\" width=\"768\" height=\"1024\" src=\"http:\/\/rhein-raum.de\/wp-content\/uploads\/2020\/01\/IMG_9354-768x1024.jpg\" alt=\"\" data-id=\"60\" data-link=\"http:\/\/rhein-raum.de\/?attachment_id=60\" class=\"wp-image-60\" srcset=\"https:\/\/rhein-raum.de\/wp-content\/uploads\/2020\/01\/IMG_9354-768x1024.jpg 768w, https:\/\/rhein-raum.de\/wp-content\/uploads\/2020\/01\/IMG_9354-225x300.jpg 225w, https:\/\/rhein-raum.de\/wp-content\/uploads\/2020\/01\/IMG_9354-1152x1536.jpg 1152w, https:\/\/rhein-raum.de\/wp-content\/uploads\/2020\/01\/IMG_9354-1536x2048.jpg 1536w, https:\/\/rhein-raum.de\/wp-content\/uploads\/2020\/01\/IMG_9354-scaled.jpg 1920w\" sizes=\"auto, (max-width: 706px) 89vw, (max-width: 767px) 82vw, 740px\" \/><\/figure><\/li><li class=\"blocks-gallery-item\"><figure><img loading=\"lazy\" decoding=\"async\" width=\"1024\" height=\"768\" src=\"http:\/\/rhein-raum.de\/wp-content\/uploads\/2020\/01\/IMG_9357-1024x768.jpg\" alt=\"\" data-id=\"61\" data-link=\"http:\/\/rhein-raum.de\/?attachment_id=61\" class=\"wp-image-61\" srcset=\"https:\/\/rhein-raum.de\/wp-content\/uploads\/2020\/01\/IMG_9357-1024x768.jpg 1024w, https:\/\/rhein-raum.de\/wp-content\/uploads\/2020\/01\/IMG_9357-300x225.jpg 300w, https:\/\/rhein-raum.de\/wp-content\/uploads\/2020\/01\/IMG_9357-768x576.jpg 768w, https:\/\/rhein-raum.de\/wp-content\/uploads\/2020\/01\/IMG_9357-1536x1152.jpg 1536w, https:\/\/rhein-raum.de\/wp-content\/uploads\/2020\/01\/IMG_9357-2048x1536.jpg 2048w\" sizes=\"auto, (max-width: 706px) 89vw, (max-width: 767px) 82vw, 740px\" \/><\/figure><\/li><li class=\"blocks-gallery-item\"><figure><img loading=\"lazy\" decoding=\"async\" width=\"768\" height=\"1024\" src=\"http:\/\/rhein-raum.de\/wp-content\/uploads\/2020\/01\/IMG_9657-768x1024.jpg\" alt=\"\" data-id=\"62\" data-link=\"http:\/\/rhein-raum.de\/?attachment_id=62\" class=\"wp-image-62\" srcset=\"https:\/\/rhein-raum.de\/wp-content\/uploads\/2020\/01\/IMG_9657-768x1024.jpg 768w, https:\/\/rhein-raum.de\/wp-content\/uploads\/2020\/01\/IMG_9657-225x300.jpg 225w, https:\/\/rhein-raum.de\/wp-content\/uploads\/2020\/01\/IMG_9657-1152x1536.jpg 1152w, https:\/\/rhein-raum.de\/wp-content\/uploads\/2020\/01\/IMG_9657-1536x2048.jpg 1536w, https:\/\/rhein-raum.de\/wp-content\/uploads\/2020\/01\/IMG_9657-scaled.jpg 1920w\" sizes=\"auto, (max-width: 706px) 89vw, (max-width: 767px) 82vw, 740px\" \/><\/figure><\/li><li class=\"blocks-gallery-item\"><figure><img loading=\"lazy\" decoding=\"async\" width=\"768\" height=\"1024\" src=\"http:\/\/rhein-raum.de\/wp-content\/uploads\/2020\/01\/IMG_3085-768x1024.jpg\" alt=\"\" data-id=\"74\" data-full-url=\"http:\/\/rhein-raum.de\/wp-content\/uploads\/2020\/01\/IMG_3085-scaled.jpg\" data-link=\"http:\/\/rhein-raum.de\/?attachment_id=74\" class=\"wp-image-74\" srcset=\"https:\/\/rhein-raum.de\/wp-content\/uploads\/2020\/01\/IMG_3085-768x1024.jpg 768w, https:\/\/rhein-raum.de\/wp-content\/uploads\/2020\/01\/IMG_3085-225x300.jpg 225w, https:\/\/rhein-raum.de\/wp-content\/uploads\/2020\/01\/IMG_3085-1152x1536.jpg 1152w, https:\/\/rhein-raum.de\/wp-content\/uploads\/2020\/01\/IMG_3085-1536x2048.jpg 1536w, https:\/\/rhein-raum.de\/wp-content\/uploads\/2020\/01\/IMG_3085-scaled.jpg 1920w\" sizes=\"auto, (max-width: 706px) 89vw, (max-width: 767px) 82vw, 740px\" \/><\/figure><\/li><li class=\"blocks-gallery-item\"><figure><img loading=\"lazy\" decoding=\"async\" width=\"768\" height=\"1024\" src=\"http:\/\/rhein-raum.de\/wp-content\/uploads\/2020\/01\/IMG_35311-768x1024.jpg\" alt=\"\" data-id=\"72\" data-link=\"http:\/\/rhein-raum.de\/?attachment_id=72\" class=\"wp-image-72\" srcset=\"https:\/\/rhein-raum.de\/wp-content\/uploads\/2020\/01\/IMG_35311-768x1024.jpg 768w, https:\/\/rhein-raum.de\/wp-content\/uploads\/2020\/01\/IMG_35311-225x300.jpg 225w, https:\/\/rhein-raum.de\/wp-content\/uploads\/2020\/01\/IMG_35311-1152x1536.jpg 1152w, https:\/\/rhein-raum.de\/wp-content\/uploads\/2020\/01\/IMG_35311-1536x2048.jpg 1536w, https:\/\/rhein-raum.de\/wp-content\/uploads\/2020\/01\/IMG_35311-scaled.jpg 1920w\" sizes=\"auto, (max-width: 706px) 89vw, (max-width: 767px) 82vw, 740px\" \/><\/figure><\/li><li class=\"blocks-gallery-item\"><figure><img loading=\"lazy\" decoding=\"async\" width=\"768\" height=\"1024\" src=\"http:\/\/rhein-raum.de\/wp-content\/uploads\/2020\/01\/IMG_3533-768x1024.jpg\" alt=\"\" data-id=\"73\" data-link=\"http:\/\/rhein-raum.de\/?attachment_id=73\" class=\"wp-image-73\" srcset=\"https:\/\/rhein-raum.de\/wp-content\/uploads\/2020\/01\/IMG_3533-768x1024.jpg 768w, https:\/\/rhein-raum.de\/wp-content\/uploads\/2020\/01\/IMG_3533-225x300.jpg 225w, https:\/\/rhein-raum.de\/wp-content\/uploads\/2020\/01\/IMG_3533-1152x1536.jpg 1152w, https:\/\/rhein-raum.de\/wp-content\/uploads\/2020\/01\/IMG_3533-1536x2048.jpg 1536w, https:\/\/rhein-raum.de\/wp-content\/uploads\/2020\/01\/IMG_3533-scaled.jpg 1920w\" sizes=\"auto, (max-width: 706px) 89vw, (max-width: 767px) 82vw, 740px\" \/><\/figure><\/li><\/ul><\/figure>\n\n\n\n<h1 class=\"wp-block-heading\">Entfernen von Ratten,-M\u00e4use und Maderkot<\/h1>\n\n\n\n<p>F\u00fcr den Menschen k\u00f6nnen die Nager eine  Gefahr darstellen. Vor Rattenkot und Rattendreck sollte man gro\u00dfe  Vorsicht walten lassen. Gleiches gilt f\u00fcr M\u00e4usekot. Die Ausscheidungen beider Tiere k\u00f6nnen Krankheitserreger enthalten. Von Ratten Krankheiten, wie zum Beispiel das Hantavirus, \u00fcbertragen kann,  <\/p>\n\n\n\n<figure class=\"wp-block-image size-large is-resized\"><img loading=\"lazy\" decoding=\"async\" src=\"http:\/\/rhein-raum.de\/wp-content\/uploads\/2020\/01\/IMG_0009-001-768x1024.jpg\" alt=\"\" class=\"wp-image-39\" width=\"216\" height=\"288\" srcset=\"https:\/\/rhein-raum.de\/wp-content\/uploads\/2020\/01\/IMG_0009-001-768x1024.jpg 768w, https:\/\/rhein-raum.de\/wp-content\/uploads\/2020\/01\/IMG_0009-001-225x300.jpg 225w, https:\/\/rhein-raum.de\/wp-content\/uploads\/2020\/01\/IMG_0009-001-1152x1536.jpg 1152w, https:\/\/rhein-raum.de\/wp-content\/uploads\/2020\/01\/IMG_0009-001-1536x2048.jpg 1536w, https:\/\/rhein-raum.de\/wp-content\/uploads\/2020\/01\/IMG_0009-001-scaled.jpg 1920w\" sizes=\"auto, (max-width: 216px) 100vw, 216px\" \/><\/figure>\n\n\n\n<div class=\"wp-block-group\"><div class=\"wp-block-group__inner-container is-layout-flow wp-block-group-is-layout-flow\">\n<figure class=\"wp-block-image is-resized\"><img loading=\"lazy\" decoding=\"async\" src=\"http:\/\/rhein-raum.de\/wp-content\/uploads\/2020\/01\/IMG_0005-001-768x1024.jpg\" alt=\"\" class=\"wp-image-38\" width=\"235\" height=\"313\" srcset=\"https:\/\/rhein-raum.de\/wp-content\/uploads\/2020\/01\/IMG_0005-001-768x1024.jpg 768w, https:\/\/rhein-raum.de\/wp-content\/uploads\/2020\/01\/IMG_0005-001-225x300.jpg 225w, https:\/\/rhein-raum.de\/wp-content\/uploads\/2020\/01\/IMG_0005-001-1152x1536.jpg 1152w, https:\/\/rhein-raum.de\/wp-content\/uploads\/2020\/01\/IMG_0005-001-1536x2048.jpg 1536w, https:\/\/rhein-raum.de\/wp-content\/uploads\/2020\/01\/IMG_0005-001-scaled.jpg 1920w\" sizes=\"auto, (max-width: 235px) 100vw, 235px\" \/><\/figure>\n<\/div><\/div>\n\n\n\n<figure class=\"wp-block-gallery columns-3 is-cropped wp-block-gallery-2 is-layout-flex wp-block-gallery-is-layout-flex\"><ul class=\"blocks-gallery-grid\"><li class=\"blocks-gallery-item\"><figure><img loading=\"lazy\" decoding=\"async\" width=\"1024\" height=\"768\" src=\"http:\/\/rhein-raum.de\/wp-content\/uploads\/2020\/01\/IMG_0449-1024x768.jpg\" alt=\"\" data-id=\"205\" data-full-url=\"http:\/\/rhein-raum.de\/wp-content\/uploads\/2020\/01\/IMG_0449-scaled.jpg\" data-link=\"http:\/\/rhein-raum.de\/?attachment_id=205\" class=\"wp-image-205\" srcset=\"https:\/\/rhein-raum.de\/wp-content\/uploads\/2020\/01\/IMG_0449-1024x768.jpg 1024w, https:\/\/rhein-raum.de\/wp-content\/uploads\/2020\/01\/IMG_0449-300x225.jpg 300w, https:\/\/rhein-raum.de\/wp-content\/uploads\/2020\/01\/IMG_0449-768x576.jpg 768w, https:\/\/rhein-raum.de\/wp-content\/uploads\/2020\/01\/IMG_0449-1536x1152.jpg 1536w, https:\/\/rhein-raum.de\/wp-content\/uploads\/2020\/01\/IMG_0449-2048x1536.jpg 2048w\" sizes=\"auto, (max-width: 706px) 89vw, (max-width: 767px) 82vw, 740px\" \/><\/figure><\/li><li class=\"blocks-gallery-item\"><figure><img loading=\"lazy\" decoding=\"async\" width=\"768\" height=\"1024\" src=\"http:\/\/rhein-raum.de\/wp-content\/uploads\/2020\/01\/IMG_0451-768x1024.jpg\" alt=\"\" data-id=\"209\" data-full-url=\"http:\/\/rhein-raum.de\/wp-content\/uploads\/2020\/01\/IMG_0451-scaled.jpg\" data-link=\"http:\/\/rhein-raum.de\/?attachment_id=209\" class=\"wp-image-209\" srcset=\"https:\/\/rhein-raum.de\/wp-content\/uploads\/2020\/01\/IMG_0451-768x1024.jpg 768w, https:\/\/rhein-raum.de\/wp-content\/uploads\/2020\/01\/IMG_0451-225x300.jpg 225w, https:\/\/rhein-raum.de\/wp-content\/uploads\/2020\/01\/IMG_0451-1152x1536.jpg 1152w, https:\/\/rhein-raum.de\/wp-content\/uploads\/2020\/01\/IMG_0451-1536x2048.jpg 1536w, https:\/\/rhein-raum.de\/wp-content\/uploads\/2020\/01\/IMG_0451-scaled.jpg 1920w\" sizes=\"auto, (max-width: 706px) 89vw, (max-width: 767px) 82vw, 740px\" \/><\/figure><\/li><li class=\"blocks-gallery-item\"><figure><img loading=\"lazy\" decoding=\"async\" width=\"768\" height=\"1024\" src=\"http:\/\/rhein-raum.de\/wp-content\/uploads\/2020\/01\/IMG_0452-768x1024.jpg\" alt=\"\" data-id=\"211\" data-full-url=\"http:\/\/rhein-raum.de\/wp-content\/uploads\/2020\/01\/IMG_0452-scaled.jpg\" data-link=\"http:\/\/rhein-raum.de\/?attachment_id=211\" class=\"wp-image-211\" srcset=\"https:\/\/rhein-raum.de\/wp-content\/uploads\/2020\/01\/IMG_0452-768x1024.jpg 768w, https:\/\/rhein-raum.de\/wp-content\/uploads\/2020\/01\/IMG_0452-225x300.jpg 225w, https:\/\/rhein-raum.de\/wp-content\/uploads\/2020\/01\/IMG_0452-1152x1536.jpg 1152w, https:\/\/rhein-raum.de\/wp-content\/uploads\/2020\/01\/IMG_0452-1536x2048.jpg 1536w, https:\/\/rhein-raum.de\/wp-content\/uploads\/2020\/01\/IMG_0452-scaled.jpg 1920w\" sizes=\"auto, (max-width: 706px) 89vw, (max-width: 767px) 82vw, 740px\" \/><\/figure><\/li><li class=\"blocks-gallery-item\"><figure><img loading=\"lazy\" decoding=\"async\" width=\"768\" height=\"1024\" src=\"http:\/\/rhein-raum.de\/wp-content\/uploads\/2020\/01\/IMG_0453-768x1024.jpg\" alt=\"\" data-id=\"213\" data-full-url=\"http:\/\/rhein-raum.de\/wp-content\/uploads\/2020\/01\/IMG_0453-scaled.jpg\" data-link=\"http:\/\/rhein-raum.de\/?attachment_id=213\" class=\"wp-image-213\" srcset=\"https:\/\/rhein-raum.de\/wp-content\/uploads\/2020\/01\/IMG_0453-768x1024.jpg 768w, https:\/\/rhein-raum.de\/wp-content\/uploads\/2020\/01\/IMG_0453-225x300.jpg 225w, https:\/\/rhein-raum.de\/wp-content\/uploads\/2020\/01\/IMG_0453-1152x1536.jpg 1152w, https:\/\/rhein-raum.de\/wp-content\/uploads\/2020\/01\/IMG_0453-1536x2048.jpg 1536w, https:\/\/rhein-raum.de\/wp-content\/uploads\/2020\/01\/IMG_0453-scaled.jpg 1920w\" sizes=\"auto, (max-width: 706px) 89vw, (max-width: 767px) 82vw, 740px\" \/><\/figure><\/li><li class=\"blocks-gallery-item\"><figure><img loading=\"lazy\" decoding=\"async\" width=\"768\" height=\"1024\" src=\"http:\/\/rhein-raum.de\/wp-content\/uploads\/2020\/01\/IMG_0454-768x1024.jpg\" alt=\"\" data-id=\"215\" data-full-url=\"http:\/\/rhein-raum.de\/wp-content\/uploads\/2020\/01\/IMG_0454-scaled.jpg\" data-link=\"http:\/\/rhein-raum.de\/?attachment_id=215\" class=\"wp-image-215\" srcset=\"https:\/\/rhein-raum.de\/wp-content\/uploads\/2020\/01\/IMG_0454-768x1024.jpg 768w, https:\/\/rhein-raum.de\/wp-content\/uploads\/2020\/01\/IMG_0454-225x300.jpg 225w, https:\/\/rhein-raum.de\/wp-content\/uploads\/2020\/01\/IMG_0454-1152x1536.jpg 1152w, https:\/\/rhein-raum.de\/wp-content\/uploads\/2020\/01\/IMG_0454-1536x2048.jpg 1536w, https:\/\/rhein-raum.de\/wp-content\/uploads\/2020\/01\/IMG_0454-scaled.jpg 1920w\" sizes=\"auto, (max-width: 706px) 89vw, (max-width: 767px) 82vw, 740px\" \/><\/figure><\/li><li class=\"blocks-gallery-item\"><figure><img loading=\"lazy\" decoding=\"async\" width=\"1024\" height=\"768\" src=\"http:\/\/rhein-raum.de\/wp-content\/uploads\/2020\/01\/IMG_0456-1024x768.jpg\" alt=\"\" data-id=\"218\" data-full-url=\"http:\/\/rhein-raum.de\/wp-content\/uploads\/2020\/01\/IMG_0456-scaled.jpg\" data-link=\"http:\/\/rhein-raum.de\/?attachment_id=218\" class=\"wp-image-218\" srcset=\"https:\/\/rhein-raum.de\/wp-content\/uploads\/2020\/01\/IMG_0456-1024x768.jpg 1024w, https:\/\/rhein-raum.de\/wp-content\/uploads\/2020\/01\/IMG_0456-300x225.jpg 300w, https:\/\/rhein-raum.de\/wp-content\/uploads\/2020\/01\/IMG_0456-768x576.jpg 768w, https:\/\/rhein-raum.de\/wp-content\/uploads\/2020\/01\/IMG_0456-1536x1152.jpg 1536w, https:\/\/rhein-raum.de\/wp-content\/uploads\/2020\/01\/IMG_0456-2048x1536.jpg 2048w\" sizes=\"auto, (max-width: 706px) 89vw, (max-width: 767px) 82vw, 740px\" \/><\/figure><\/li><\/ul><\/figure>\n","protected":false},"excerpt":{"rendered":"<p>Wir helfen auch bei Sonderf\u00e4llen, wie Messie-Haushalten, nach Mietnomaden oder Tierhortung. Der Begriff \u201eMessie\u201c (aus dem englischen Wort \u201emess\u201c f\u00fcr Unordung\u201c) bezeichnet Menschen, die aufgrund einer seelischen \u00dcberlastung erhebliche Defizite aufweisen ihr Umfeld ordentlich zu halten. Dar\u00fcber hinaus haben \u201eMessies\u201c in der Regel Schwierigkeiten allt\u00e4gliche Aufgaben und Arbeiten zu bew\u00e4ltigen. Oftmals ist dieses verbunden mit &hellip; <\/p>\n<p class=\"link-more\"><a href=\"https:\/\/rhein-raum.de\/?page_id=30\" class=\"more-link\"><span class=\"screen-reader-text\">\u201espezieller Service\u201c <\/span>weiterlesen<\/a><\/p>\n","protected":false},"author":1,"featured_media":0,"parent":25,"menu_order":0,"comment_status":"closed","ping_status":"closed","template":"","meta":{"footnotes":""},"class_list":["post-30","page","type-page","status-publish","hentry"],"aioseo_notices":[],"amp_validity":null,"amp_enabled":true,"_links":{"self":[{"href":"https:\/\/rhein-raum.de\/index.php?rest_route=\/wp\/v2\/pages\/30","targetHints":{"allow":["GET"]}}],"collection":[{"href":"https:\/\/rhein-raum.de\/index.php?rest_route=\/wp\/v2\/pages"}],"about":[{"href":"https:\/\/rhein-raum.de\/index.php?rest_route=\/wp\/v2\/types\/page"}],"author":[{"embeddable":true,"href":"https:\/\/rhein-raum.de\/index.php?rest_route=\/wp\/v2\/users\/1"}],"replies":[{"embeddable":true,"href":"https:\/\/rhein-raum.de\/index.php?rest_route=%2Fwp%2Fv2%2Fcomments&post=30"}],"version-history":[{"count":17,"href":"https:\/\/rhein-raum.de\/index.php?rest_route=\/wp\/v2\/pages\/30\/revisions"}],"predecessor-version":[{"id":287,"href":"https:\/\/rhein-raum.de\/index.php?rest_route=\/wp\/v2\/pages\/30\/revisions\/287"}],"up":[{"embeddable":true,"href":"https:\/\/rhein-raum.de\/index.php?rest_route=\/wp\/v2\/pages\/25"}],"wp:attachment":[{"href":"https:\/\/rhein-raum.de\/index.php?rest_route=%2Fwp%2Fv2%2Fmedia&parent=30"}],"curies":[{"name":"wp","href":"https:\/\/api.w.org\/{rel}","templated":true}]}}