{"id":25,"date":"2020-02-22T07:08:00","date_gmt":"2020-02-22T07:08:00","guid":{"rendered":"http:\/\/rhein-raum.de\/?page_id=25"},"modified":"2020-09-16T06:35:47","modified_gmt":"2020-09-16T06:35:47","slug":"buero-unterhaltsreinigung","status":"publish","type":"page","link":"https:\/\/rhein-raum.de\/?page_id=25","title":{"rendered":"B\u00fcro, Unterhaltsreinigung"},"content":{"rendered":"\n<p><amp-fit-text layout=\"fixed-height\" min-font-size=\"6\" max-font-size=\"72\" height=\"80\"><strong>Innenreinigung<\/strong><br>Sie m\u00f6chten eine regelm\u00e4\u00dfige und fachgerechte Reinigung Ihrer B\u00fcror\u00e4ume oder Ihrer Betriebsst\u00e4tte sicherstellen?<br>Dann sind Sie bei uns genau richtig. Wir analysieren Ihre Anspr\u00fcche sorgf\u00e4ltig und beraten Sie dann ganz individuell. Mit Ihnen zusammen ermitteln wir, was wann und wie oft gereinigt werden soll. Damit Sie genau wissen, womit Sie rechnen k\u00f6nnen, erstellen wir nicht nur einen detaillierten Leistungsplan sondern auch ein f\u00fcr Sie stets kostentransparentes Angebot.<br>Unser fachm\u00e4nnisch geschultes Personal ist mit den neuesten Techniken und Reinigungsmitteln vertraut und achtet stets auf die Verwendung umweltvertr\u00e4glicher Mittel und deren Dosierung.<br>Kontaktieren Sie uns einfach telefonisch oder per E-Mail und wir vereinbaren gerne einen individuellen Beratungstermin mit Ihnen. &nbsp;<\/amp-fit-text><\/p>\n","protected":false},"excerpt":{"rendered":"<p>InnenreinigungSie m\u00f6chten eine regelm\u00e4\u00dfige und fachgerechte Reinigung Ihrer B\u00fcror\u00e4ume oder Ihrer Betriebsst\u00e4tte sicherstellen?Dann sind Sie bei uns genau richtig. Wir analysieren Ihre Anspr\u00fcche sorgf\u00e4ltig und beraten Sie dann ganz individuell. Mit Ihnen zusammen ermitteln wir, was wann und wie oft gereinigt werden soll. Damit Sie genau wissen, womit Sie rechnen k\u00f6nnen, erstellen wir nicht nur &hellip; <\/p>\n<p class=\"link-more\"><a href=\"https:\/\/rhein-raum.de\/?page_id=25\" class=\"more-link\"><span class=\"screen-reader-text\">\u201eB\u00fcro, Unterhaltsreinigung\u201c <\/span>weiterlesen<\/a><\/p>\n","protected":false},"author":1,"featured_media":0,"parent":0,"menu_order":0,"comment_status":"closed","ping_status":"closed","template":"","meta":{"footnotes":""},"class_list":["post-25","page","type-page","status-publish","hentry"],"aioseo_notices":[],"amp_validity":null,"amp_enabled":true,"_links":{"self":[{"href":"https:\/\/rhein-raum.de\/index.php?rest_route=\/wp\/v2\/pages\/25","targetHints":{"allow":["GET"]}}],"collection":[{"href":"https:\/\/rhein-raum.de\/index.php?rest_route=\/wp\/v2\/pages"}],"about":[{"href":"https:\/\/rhein-raum.de\/index.php?rest_route=\/wp\/v2\/types\/page"}],"author":[{"embeddable":true,"href":"https:\/\/rhein-raum.de\/index.php?rest_route=\/wp\/v2\/users\/1"}],"replies":[{"embeddable":true,"href":"https:\/\/rhein-raum.de\/index.php?rest_route=%2Fwp%2Fv2%2Fcomments&post=25"}],"version-history":[{"count":4,"href":"https:\/\/rhein-raum.de\/index.php?rest_route=\/wp\/v2\/pages\/25\/revisions"}],"predecessor-version":[{"id":280,"href":"https:\/\/rhein-raum.de\/index.php?rest_route=\/wp\/v2\/pages\/25\/revisions\/280"}],"wp:attachment":[{"href":"https:\/\/rhein-raum.de\/index.php?rest_route=%2Fwp%2Fv2%2Fmedia&parent=25"}],"curies":[{"name":"wp","href":"https:\/\/api.w.org\/{rel}","templated":true}]}}