{"id":112,"date":"2020-01-09T10:11:48","date_gmt":"2020-01-09T10:11:48","guid":{"rendered":"http:\/\/rhein-raum.de\/?page_id=112"},"modified":"2020-09-16T06:35:15","modified_gmt":"2020-09-16T06:35:15","slug":"agbs","status":"publish","type":"page","link":"https:\/\/rhein-raum.de\/?page_id=112","title":{"rendered":"AGB\u00b4s"},"content":{"rendered":"\n<p class=\"has-small-font-size\">Allgemeine Gesch\u00e4ftsbedingungen<\/p>\n\n\n\n<p class=\"has-small-font-size\">\u00a71&nbsp;&nbsp; Allgemeines \u2013 Geltungsbereich<\/p>\n\n\n\n<p class=\"has-small-font-size\"><em>&nbsp;&nbsp;&nbsp;&nbsp;&nbsp;&nbsp; 1.&nbsp;Die Gesch\u00e4ftsbedingungen gelten f\u00fcr alle gegenw\u00e4rtigen und zuk\u00fcnftigen <\/em><\/p>\n\n\n\n<p class=\"has-text-align-left has-small-font-size\"><em>   Gesch\u00e4ftsbeziehungen mit Unternehmen im Sinne des \u00a7 14 B\u00fcrgerlichen Gesetzbuchs<\/em><\/p>\n\n\n\n<p class=\"has-small-font-size\"><em>&nbsp;&nbsp;&nbsp;&nbsp;&nbsp;&nbsp;&nbsp;&nbsp;&nbsp;&nbsp;&nbsp; (BGB), juristische Personen des \u00f6ffentlich- rechtlichen Sonderverm\u00f6gens.<\/em><\/p>\n\n\n\n<p class=\"has-small-font-size\"><em>&nbsp;&nbsp;&nbsp;&nbsp;&nbsp;&nbsp; 2.&nbsp;Abweichende oder erg\u00e4nzende Allgemeine Gesch\u00e4ftsbedingungen werden selbst bei<\/em><\/p>\n\n\n\n<p class=\"has-small-font-size\"><em>&nbsp;&nbsp;&nbsp;&nbsp;&nbsp;&nbsp;&nbsp;&nbsp;&nbsp;&nbsp;&nbsp;&nbsp; Kenntnis nur Bestandteil, wenn ihrer Geltung ausdr\u00fccklich zugestimmt wird. <\/em><\/p>\n\n\n\n<p class=\"has-small-font-size\">&nbsp;\u00a72&nbsp;&nbsp; Art und Umfang der Leistung<\/p>\n\n\n\n<p class=\"has-small-font-size\"><em>1.&nbsp;Vereinbarungen zwischen dem Auftraggeber und dem Auftragnehmer sind verbindlich, wenn<\/em><\/p>\n\n\n\n<p class=\"has-small-font-size\">&nbsp;&nbsp;&nbsp;&nbsp; der Auftraggeber ein Angebot\/einen Auftrag unterzeichnet, der diese Bedingungen enth\u00e4lt.<\/p>\n\n\n\n<p class=\"has-small-font-size\"><em>&nbsp;&nbsp;&nbsp;&nbsp; Dasselbe gilt, wenn der Auftraggeber die schriftliche Auftragsbest\u00e4tigung vor Beginn der<\/em><\/p>\n\n\n\n<p class=\"has-small-font-size\"><em>&nbsp;&nbsp;&nbsp;&nbsp; Arbeiten erhalten hat.<\/em><\/p>\n\n\n\n<p class=\"has-small-font-size\"><em>&nbsp;2.&nbsp;Die Leistungen werden wie im Angebot\/Auftrag vereinbart ausgef\u00fchrt. Auftrags\u00e4nderungen<\/em><\/p>\n\n\n\n<p class=\"has-small-font-size\"><em>&nbsp;&nbsp;&nbsp;&nbsp; bzw. \u2013 Erweiterungen haben nur G\u00fcltigkeit, wenn sie nach Art und Umfang schriftlich, im<\/em><\/p>\n\n\n\n<p class=\"has-small-font-size\">&nbsp;&nbsp;&nbsp;&nbsp; Ausnahmefall m\u00fcndlich, von den hierzu autorisierten Personen festgelegt werden. <\/p>\n\n\n\n<p class=\"has-small-font-size\">\u00a73&nbsp;&nbsp; Abnahme und Gew\u00e4hrleistung<\/p>\n\n\n\n<p class=\"has-small-font-size\"><em>1.&nbsp;Die Werksleistungen des Auftragnehmers gelten bei wiederkehrenden Leistungen als <\/em><\/p>\n\n\n\n<p class=\"has-small-font-size\"><em>&nbsp;&nbsp;&nbsp;&nbsp; auftragsgerecht erf\u00fcllt und abgenommen, wenn der Auftraggeber nicht unverz\u00fcglich \u2013<\/em><\/p>\n\n\n\n<p class=\"has-small-font-size\"><em>&nbsp;&nbsp;&nbsp;&nbsp; sp\u00e4testens bei Ingebrauchnahme- schriftlich begr\u00fcndete Einw\u00e4nde erhebt. Zeit, Ort, Art und<\/em><\/p>\n\n\n\n<p class=\"has-small-font-size\"><em>&nbsp;&nbsp;&nbsp;&nbsp; Umfang des Mangels muss dabei genau beschrieben werden.<\/em><\/p>\n\n\n\n<p class=\"has-small-font-size\"><em>&nbsp;2.&nbsp;Werden vom Auftraggeber bei der Vertraglich festgelegten Leistung berechtigterweise<\/em><\/p>\n\n\n\n<p class=\"has-small-font-size\"><em>&nbsp;&nbsp; &nbsp;&nbsp;M\u00e4ngel beanstandet, so ist der Auftragnehmer zur Nachbesserung verpflichtet. F\u00fcr M\u00e4ngel&nbsp;&nbsp; <\/em><\/p>\n\n\n\n<p class=\"has-small-font-size\"><em>&nbsp;&nbsp;&nbsp; &nbsp;und Sch\u00e4den, die darauf zur\u00fcckzuf\u00fchren sind, dass der Auftraggeber wichtige Informationen<\/em><\/p>\n\n\n\n<p class=\"has-small-font-size\"><em>&nbsp;&nbsp;&nbsp;&nbsp; \u00fcber Art und Beschaffenheit der zu reinigenden Fl\u00e4chen und Gegenst\u00e4nde nicht an den<\/em><\/p>\n\n\n\n<p class=\"has-small-font-size\"><em>&nbsp;&nbsp; &nbsp;&nbsp;Auftraggeber weitergegeben hat, wird keine Gew\u00e4hrleistung \u00fcbernommen. Gleiches gilt,<\/em><\/p>\n\n\n\n<p class=\"has-small-font-size\"><em>&nbsp;&nbsp;&nbsp;&nbsp;wenn der Auftraggeber keine ausreichenden Vorkehrungen f\u00fcr die Zug\u00e4nglichkeit bzw.<\/em><\/p>\n\n\n\n<p class=\"has-small-font-size\"><em>&nbsp;&nbsp;&nbsp; Erreichbarkeit der zu reinigenden Fl\u00e4chen trifft.<\/em><\/p>\n\n\n\n<p class=\"has-small-font-size\"><em>&nbsp;3.&nbsp;&nbsp; Wenn der Mangel nicht beseitigt werden kann oder f\u00fcr den Auftraggeber ein weiterer<\/em><\/p>\n\n\n\n<p class=\"has-small-font-size\"><em>&nbsp;&nbsp;&nbsp;&nbsp;&nbsp; Nachbesserungsversuch nicht zumutbar ist, kann der Auftraggeber anstelle der <\/em><\/p>\n\n\n\n<p class=\"has-small-font-size\"><em>&nbsp;&nbsp;&nbsp;&nbsp;&nbsp; Nachbesserung Herabsetzung der Verg\u00fctung (Minderung) verlangen oder den Vertrag<\/em><\/p>\n\n\n\n<p class=\"has-small-font-size\"><em>&nbsp;&nbsp;&nbsp;&nbsp;&nbsp; k\u00fcndigen. Bei einer nur geringf\u00fcgigen Vertragswidrigkeit, insbesondere bei nur geringf\u00fcgigen<\/em><\/p>\n\n\n\n<p class=\"has-small-font-size\"><em>&nbsp;&nbsp;&nbsp;&nbsp;&nbsp; M\u00e4ngeln, steht dem Auftraggeber das K\u00fcndigungsrecht nicht zu.<\/em><\/p>\n\n\n\n<p class=\"has-small-font-size\"><em>&nbsp;4.&nbsp;&nbsp; Schadensersatz kann nur bei Vorsatz und grober Fahrl\u00e4ssigkeit verlangt werden. Die<\/em><\/p>\n\n\n\n<p class=\"has-small-font-size\"><em>&nbsp;&nbsp;&nbsp;&nbsp;&nbsp; Ersatzpflicht beschr\u00e4nkt sich auf den vertragstypisch vorhersehbaren Schaden und wird<\/em><\/p>\n\n\n\n<p class=\"has-small-font-size\"><em>&nbsp;&nbsp;&nbsp;&nbsp;&nbsp; auf zwei Monatsverg\u00fctungen begrenzt.<\/em><\/p>\n\n\n\n<p class=\"has-small-font-size\">&nbsp;\u00a74&nbsp;&nbsp;&nbsp; Aufma\u00df <\/p>\n\n\n\n<p class=\"has-small-font-size\"><em>1.&nbsp;&nbsp; Die der Abrechnung zugrunde liegenden Ma\u00dfe sind gem\u00e4\u00df der allgemeinen<\/em><\/p>\n\n\n\n<p class=\"has-small-font-size\"><em>&nbsp;&nbsp;&nbsp;&nbsp;&nbsp;&nbsp;&nbsp;&nbsp;&nbsp;&nbsp;&nbsp;&nbsp;&nbsp; Bedingungen des Geb\u00e4udereinigerhandwerks ermittelt worden.<\/em><\/p>\n\n\n\n<p class=\"has-small-font-size\">&nbsp;\u00a75&nbsp;&nbsp;&nbsp; Preise <\/p>\n\n\n\n<p class=\"has-small-font-size\"><em>1.&nbsp;&nbsp;&nbsp; Die im Angebot festgelegten Preise beziehen sich auf die zum Zeitpunkt der Abgabe des <\/em><\/p>\n\n\n\n<p class=\"has-small-font-size\"><em>&nbsp;&nbsp;&nbsp;&nbsp;&nbsp;&nbsp;&nbsp;&nbsp;&nbsp;&nbsp;&nbsp;&nbsp;&nbsp;&nbsp; Angebotes geltenden tariflichen und gesetzlichen, insbesondere sozialversicherungs- und<\/em><\/p>\n\n\n\n<p class=\"has-small-font-size\"><em>&nbsp;&nbsp;&nbsp;&nbsp;&nbsp;&nbsp;&nbsp;&nbsp;&nbsp;&nbsp;&nbsp;&nbsp;&nbsp;&nbsp; steuerrechtlichen, Bestimmungen. Bei deren \u00c4nderungen \u00e4ndern sich auch die Preise <\/em><\/p>\n\n\n\n<p class=\"has-small-font-size\"><em>&nbsp;&nbsp;&nbsp;&nbsp;&nbsp;&nbsp;&nbsp;&nbsp;&nbsp;&nbsp;&nbsp;&nbsp;&nbsp;&nbsp; entsprechend.<\/em><\/p>\n\n\n\n<p class=\"has-small-font-size\">&nbsp;\u00a76&nbsp;&nbsp;&nbsp; Sicherheitseinbehalt <\/p>\n\n\n\n<p class=\"has-small-font-size\"><em>&nbsp;&nbsp;&nbsp;&nbsp;&nbsp;&nbsp;&nbsp; 1.&nbsp;&nbsp;&nbsp; Das Recht des Auftraggebers, Sicherheitsbetr\u00e4ge f\u00fcr die Fertigstellung der vertraglichen<\/em><\/p>\n\n\n\n<p class=\"has-small-font-size\"><em>&nbsp;&nbsp;&nbsp;&nbsp;&nbsp;&nbsp;&nbsp;&nbsp;&nbsp;&nbsp;&nbsp;&nbsp;&nbsp;&nbsp; Leistungen oder eventuelle Gew\u00e4hrleistungsanspr\u00fcche einzubehalten, ist ausgeschlossen. <\/em><\/p>\n\n\n\n<p class=\"has-small-font-size\">\u00a77&nbsp;&nbsp;&nbsp; Haftung <\/p>\n\n\n\n<p class=\"has-small-font-size\"><em>1.&nbsp;&nbsp; F\u00fcr Sch\u00e4den, die nachweislich auf Reinigungsma\u00dfnahmen zur\u00fcckzuf\u00fchren sind, haftet der<\/em><\/p>\n\n\n\n<p class=\"has-small-font-size\"><em>&nbsp;&nbsp;&nbsp;&nbsp;&nbsp;&nbsp;&nbsp;&nbsp;&nbsp;&nbsp;&nbsp;&nbsp;&nbsp;&nbsp; Auftragnehmer im Rahmen der von ihm abgeschlossenen Betriebshaftpflichtversicherung. <\/em><\/p>\n\n\n\n<p class=\"has-small-font-size\"><em>&nbsp;&nbsp;&nbsp;&nbsp;&nbsp;&nbsp;&nbsp;&nbsp;&nbsp;&nbsp;&nbsp;&nbsp;&nbsp;&nbsp; Auf Wunsch des Auftraggebers ist ihm ein konkreter Versicherungsnachweis&nbsp;&nbsp;&nbsp;&nbsp;&nbsp;&nbsp;&nbsp;&nbsp; <\/em><\/p>\n\n\n\n<p class=\"has-small-font-size\"><em>&nbsp;&nbsp;&nbsp;&nbsp;&nbsp;&nbsp;&nbsp;&nbsp;&nbsp;&nbsp;&nbsp;&nbsp;&nbsp;&nbsp; auszuh\u00e4ndigen. F\u00fcr Sch\u00e4den, die dem Auftraggeber nicht unverz\u00fcglich gemeldet werden, <\/em><\/p>\n\n\n\n<p class=\"has-small-font-size\"><em>&nbsp;&nbsp;&nbsp;&nbsp;&nbsp;&nbsp;&nbsp;&nbsp;&nbsp;&nbsp;&nbsp;&nbsp;&nbsp;&nbsp; entf\u00e4llt die Haftung.<\/em><\/p>\n\n\n\n<p class=\"has-small-font-size\"><em>&nbsp;&nbsp;&nbsp;&nbsp;&nbsp; &nbsp; &nbsp;&nbsp;&nbsp; 2.&nbsp;Bei einer Verletzung von Leben, K\u00f6rper oder Gesundheit gelten die gesetzlichen &nbsp;Bestimmungen.<\/em><\/p>\n\n\n\n<p class=\"has-small-font-size\">&nbsp;\u00a78&nbsp;&nbsp;&nbsp; Zahlungsbedingungen <\/p>\n\n\n\n<p class=\"has-small-font-size\"><em>1.&nbsp;&nbsp;&nbsp; Rechnungen sind netto ohne Abzug innerhalb von 10 Tagen nach Erhalt zahlbar.&nbsp;&nbsp;&nbsp;&nbsp;&nbsp;&nbsp;&nbsp;&nbsp; <br> <\/em><\/p>\n\n\n\n<p class=\"has-small-font-size\"><em>&nbsp;&nbsp;&nbsp;&nbsp;&nbsp;&nbsp;&nbsp; 2.&nbsp;&nbsp;&nbsp; Bei \u00dcberschreitung des Zahlungszieles werden Verzugszinsen in H\u00f6he von 8% \u00fcber dem<\/em><\/p>\n\n\n\n<p class=\"has-small-font-size\"><em>&nbsp;&nbsp;&nbsp;&nbsp;&nbsp;&nbsp;&nbsp;&nbsp;&nbsp;&nbsp;&nbsp;&nbsp;&nbsp;&nbsp; jeweils g\u00fcltigen Basiszinssatz gem\u00e4\u00df \u00a7 247 BGB berechnet. Die Geltendmachung weitere<\/em><\/p>\n\n\n\n<p class=\"has-small-font-size\"><em>&nbsp;&nbsp;&nbsp;&nbsp;&nbsp;&nbsp;&nbsp;&nbsp;&nbsp;&nbsp;&nbsp;&nbsp;&nbsp;&nbsp; Verzugssch\u00e4den bleibt vorbehalten.<\/em><\/p>\n\n\n\n<p class=\"has-small-font-size\">&nbsp;\u00a79&nbsp;&nbsp;&nbsp; Gerichtsstand <\/p>\n\n\n\n<p class=\"has-small-font-size\">Als Gerichtsstand gilt ausschlie\u00dflich der Sitz des Auftragnehmers.<\/p>\n\n\n\n<p class=\"has-small-font-size\">&nbsp;\u00a710&nbsp;&nbsp; Datenspeicherung <\/p>\n\n\n\n<p class=\"has-small-font-size\"><em>Es wird darauf hingewiesen, dass gesch\u00e4ftsnotwendige Daten, soweit im Rahmen des<\/em><\/p>\n\n\n\n<p class=\"has-small-font-size\"><em>&nbsp;&nbsp;&nbsp;&nbsp;&nbsp;&nbsp;&nbsp;&nbsp; Bundesdatenschutzgesetzes (\u00a726 BDSG) zul\u00e4ssig, EDV- m\u00e4\u00dfig gespeichert und verwaltet<\/em><\/p>\n\n\n\n<p class=\"has-small-font-size\"><em>&nbsp;&nbsp;&nbsp;&nbsp;&nbsp;&nbsp;&nbsp;&nbsp; werden.<\/em><\/p>\n\n\n\n<p class=\"has-small-font-size\">&nbsp;\u00a711&nbsp;&nbsp; Teilunwirksamkeit <\/p>\n\n\n\n<p class=\"has-small-font-size\"><em>Bei Unwirksamkeit einzelner Teile bleibt die Geltung der \u00fcbrigen Bestimmungen erhalten. An<\/em><\/p>\n\n\n\n<p class=\"has-small-font-size\"><em>&nbsp;&nbsp;&nbsp;&nbsp;&nbsp;&nbsp;&nbsp;&nbsp;&nbsp; Stelle der unwirksamen Klausel soll eine Regelung treten, die dem angestrebten Zweck der<\/em><\/p>\n\n\n\n<p class=\"has-small-font-size\"><em>&nbsp;&nbsp;&nbsp;&nbsp;&nbsp;&nbsp;&nbsp;&nbsp;&nbsp; urspr\u00fcnglichen Bestimmung rechtlich und wirtschaftlich am n\u00e4chsten kommt.&nbsp;<\/em><\/p>\n","protected":false},"excerpt":{"rendered":"<p>Allgemeine Gesch\u00e4ftsbedingungen \u00a71&nbsp;&nbsp; Allgemeines \u2013 Geltungsbereich &nbsp;&nbsp;&nbsp;&nbsp;&nbsp;&nbsp; 1.&nbsp;Die Gesch\u00e4ftsbedingungen gelten f\u00fcr alle gegenw\u00e4rtigen und zuk\u00fcnftigen Gesch\u00e4ftsbeziehungen mit Unternehmen im Sinne des \u00a7 14 B\u00fcrgerlichen Gesetzbuchs &nbsp;&nbsp;&nbsp;&nbsp;&nbsp;&nbsp;&nbsp;&nbsp;&nbsp;&nbsp;&nbsp; (BGB), juristische Personen des \u00f6ffentlich- rechtlichen Sonderverm\u00f6gens. &nbsp;&nbsp;&nbsp;&nbsp;&nbsp;&nbsp; 2.&nbsp;Abweichende oder erg\u00e4nzende Allgemeine Gesch\u00e4ftsbedingungen werden selbst bei &nbsp;&nbsp;&nbsp;&nbsp;&nbsp;&nbsp;&nbsp;&nbsp;&nbsp;&nbsp;&nbsp;&nbsp; Kenntnis nur Bestandteil, wenn ihrer Geltung ausdr\u00fccklich zugestimmt wird. &nbsp;\u00a72&nbsp;&nbsp; Art und &hellip; <\/p>\n<p class=\"link-more\"><a href=\"https:\/\/rhein-raum.de\/?page_id=112\" class=\"more-link\"><span class=\"screen-reader-text\">\u201eAGB\u00b4s\u201c <\/span>weiterlesen<\/a><\/p>\n","protected":false},"author":1,"featured_media":0,"parent":0,"menu_order":0,"comment_status":"closed","ping_status":"closed","template":"","meta":{"footnotes":""},"class_list":["post-112","page","type-page","status-publish","hentry"],"aioseo_notices":[],"amp_validity":null,"amp_enabled":true,"_links":{"self":[{"href":"https:\/\/rhein-raum.de\/index.php?rest_route=\/wp\/v2\/pages\/112","targetHints":{"allow":["GET"]}}],"collection":[{"href":"https:\/\/rhein-raum.de\/index.php?rest_route=\/wp\/v2\/pages"}],"about":[{"href":"https:\/\/rhein-raum.de\/index.php?rest_route=\/wp\/v2\/types\/page"}],"author":[{"embeddable":true,"href":"https:\/\/rhein-raum.de\/index.php?rest_route=\/wp\/v2\/users\/1"}],"replies":[{"embeddable":true,"href":"https:\/\/rhein-raum.de\/index.php?rest_route=%2Fwp%2Fv2%2Fcomments&post=112"}],"version-history":[{"count":8,"href":"https:\/\/rhein-raum.de\/index.php?rest_route=\/wp\/v2\/pages\/112\/revisions"}],"predecessor-version":[{"id":145,"href":"https:\/\/rhein-raum.de\/index.php?rest_route=\/wp\/v2\/pages\/112\/revisions\/145"}],"wp:attachment":[{"href":"https:\/\/rhein-raum.de\/index.php?rest_route=%2Fwp%2Fv2%2Fmedia&parent=112"}],"curies":[{"name":"wp","href":"https:\/\/api.w.org\/{rel}","templated":true}]}}